{"id":778,"date":"2026-02-17T12:15:27","date_gmt":"2026-02-17T11:15:27","guid":{"rendered":"https:\/\/undev.cat\/como-trabajamos\/"},"modified":"2026-03-06T08:21:27","modified_gmt":"2026-03-06T07:21:27","slug":"como-trabajamos","status":"publish","type":"page","link":"https:\/\/undev.cat\/es\/como-trabajamos\/","title":{"rendered":"C\u00f3mo trabajamos"},"content":{"rendered":"<div class=\"wpb-content-wrapper\"><p>[vc_section full_width=\u00bbstretch_row\u00bb css=\u00bb.vc_custom_1771328752316{padding-top: 80px !important;padding-bottom: 80px !important;background-image: url(https:\/\/undev.cat\/wp-content\/uploads\/2026\/02\/banner-bg-2b-scaled.jpg?id=662) !important;background-position: center !important;background-repeat: no-repeat !important;background-size: cover !important;}\u00bb conditional_render=\u00bb%5B%7B%22value_role%22%3A%22administrator%22%7D%5D\u00bb css_params=\u00bb\u00bb el_class=\u00bbmlh_tintar_bg_claro\u00bb][vc_row gap=\u00bb35&#8243; content_placement=\u00bbmiddle\u00bb conditional_render=\u00bb%5B%7B%22value_role%22%3A%22administrator%22%7D%5D\u00bb css_params=\u00bb\u00bb][vc_column width=\u00bb1\/2&#8243; animation_type=\u00bbfadeInRight\u00bb conditional_render=\u00bb%5B%7B%22value_role%22%3A%22administrator%22%7D%5D\u00bb css_params=\u00bb\u00bb]<div class=\"porto-process wpb_custom_0d5a15527eec6f4e01fb341ec430732c\"><div class=\"process-step wpb_custom_e03dc5a8a169bfdfccbaed44883810c3\"><div class=\"process-step-circle\"><strong class=\"process-step-circle-content\">1<\/strong><\/div><div class=\"process-step-content\"><div class=\"step-item-title\">Primera entrevista<\/div><div class=\"process-step-desc\">Historia cl\u00ednica y Anamnesi.<\/div><\/div><\/div><div class=\"process-step wpb_custom_e03dc5a8a169bfdfccbaed44883810c3\"><div class=\"process-step-circle\"><strong class=\"process-step-circle-content\">2<\/strong><\/div><div class=\"process-step-content\"><div class=\"step-item-title\">Evaluaci\u00f3n<\/div><div class=\"process-step-desc\">Pruebas estandarizadas y an\u00e1lisis cualitativo del funcionamiento.<\/div><\/div><\/div><div class=\"process-step wpb_custom_e03dc5a8a169bfdfccbaed44883810c3\"><div class=\"process-step-circle\"><strong class=\"process-step-circle-content\">3<\/strong><\/div><div class=\"process-step-content\"><div class=\"step-item-title\">Devoluci\u00f3n<\/div><div class=\"process-step-desc\">Explicaci\u00f3n clara y comprensiva del perfil obtenido entregando informe.<\/div><\/div><\/div><div class=\"process-step wpb_custom_e03dc5a8a169bfdfccbaed44883810c3\"><div class=\"process-step-circle\"><strong class=\"process-step-circle-content\">4<\/strong><\/div><div class=\"process-step-content\"><div class=\"step-item-title\">Orientaciones \/ Intervenci\u00f3n<\/div><div class=\"process-step-desc\">Propuestas ajustadas a las necesidades reales de la persona.<\/div><\/div><\/div><div class=\"process-step wpb_custom_e03dc5a8a169bfdfccbaed44883810c3\"><div class=\"process-step-circle\"><strong class=\"process-step-circle-content\">5<\/strong><\/div><div class=\"process-step-content\"><div class=\"step-item-title\">Seguimiento<\/div><div class=\"process-step-desc\">Si procede.<\/div><\/div><\/div><\/div>[\/vc_column][vc_column width=\u00bb1\/2&#8243; css=\u00bb.vc_custom_1771323247476{padding-left: 50px !important;}\u00bb conditional_render=\u00bb%5B%7B%22value_role%22%3A%22administrator%22%7D%5D\u00bb css_params=\u00bb{\u00abcss_padding_left_xxl\u00ab:\u00ab40px\u00ab,\u00abcss_padding_left_xl\u00ab:\u00ab30px\u00ab,\u00abcss_padding_left_lg\u00ab:\u00ab25px\u00ab,\u00abcss_padding_right_md\u00ab:\u00ab17px\u00ab,\u00abcss_padding_left_md\u00ab:\u00ab17px\u00ab}\u00bb custom_css_response=\u00bb@media(max-width:porto-xxlpx){.vc_custom_1771323247476{padding-left:40px!important;}}@media(max-width:porto-xlpx){.vc_custom_1771323247476{padding-left:30px!important;}}@media(max-width:991px){.vc_custom_1771323247476{padding-left:25px!important;}}@media(max-width:767px){.vc_custom_1771323247476{padding-right:17px!important;padding-left:17px!important;}}\u00bb][\/vc_column][\/vc_row][\/vc_section][vc_section full_width=\u00bbstretch_row\u00bb css=\u00bb.vc_custom_1771322303894{padding-top: 110px !important;padding-bottom: 110px !important;background-image: url(https:\/\/undev.cat\/wp-content\/uploads\/2026\/02\/banner-bg-4b-scaled.jpg?id=477) !important;background-position: center !important;background-repeat: no-repeat !important;background-size: cover !important;}\u00bb conditional_render=\u00bb%5B%7B%22value_role%22%3A%22administrator%22%7D%5D\u00bb css_params=\u00bb\u00bb el_class=\u00bbmlh_fullscreen_background mlh_tintar_bg_oscuro\u00bb][vc_row][vc_column width=\u00bb1\/3&#8243;][\/vc_column][vc_column width=\u00bb2\/3&#8243; animation_type=\u00bbfadeInRight\u00bb conditional_render=\u00bb%5B%7B%22value_role%22%3A%22administrator%22%7D%5D\u00bb css_params=\u00bb\u00bb][vc_custom_heading text=\u00bb\u00bfA qui\u00e9n nos dirigimos?\u00bb font_container=\u00bbtag:h2|text_align:left|color:%23ffffff\u00bb use_theme_fonts=\u00bbyes\u00bb css_params=\u00bb\u00bb][vc_column_text css=\u00bb\u00bb text_color=\u00bb#ffffff\u00bb css_params=\u00bb\u00bb text_typography=\u00bb{\u00abfamily\u00ab:\u00abDefault\u00ab,\u00abvariant\u00ab:\u00ab500\u00ab,\u00abfont_size\u00ab:\u00ab1.2em\u00ab,\u00abline_height\u00ab:\u00ab1.4em\u00ab,\u00abletter_spacing\u00ab:\u00ab\u00ab,\u00abtext_transform\u00ab:\u00abnone\u00ab}\u00bb]<\/p>\n<ul>\n<li>Familias con ni\u00f1os o adolescentes con dificultades de aprendizaje o neurodesarrollo.<\/li>\n<li>Familias con diagn\u00f3stico de TDAH, TEA.<\/li>\n<li>Alta capacidad.<\/li>\n<li>Adopci\u00f3n internacional.<\/li>\n<li>Adultos que se identifiquen con el diagn\u00f3stico de su hijo o hija.<\/li>\n<li>Adultos que desean entender su estilo cognitivo y emocional.<\/li>\n<\/ul>\n<p>[\/vc_column_text][\/vc_column][\/vc_row][\/vc_section][vc_section full_width=\u00bbstretch_row\u00bb css=\u00bb.vc_custom_1771322368905{padding-top: 80px !important;padding-bottom: 80px !important;}\u00bb conditional_render=\u00bb%5B%7B%22value_role%22%3A%22administrator%22%7D%5D\u00bb css_params=\u00bb\u00bb][vc_row][vc_column width=\u00bb1\/6&#8243;][\/vc_column][vc_column width=\u00bb4\/6&#8243; text_align=\u00bbcenter\u00bb conditional_render=\u00bb%5B%7B%22value_role%22%3A%22administrator%22%7D%5D\u00bb css_params=\u00bb\u00bb animation_type=\u00bbfadeInRight\u00bb][vc_custom_heading text=\u00bbContacta con nosotros\u00bb font_container=\u00bbtag:h2|text_align:center\u00bb use_theme_fonts=\u00bbyes\u00bb css=\u00bb.vc_custom_1771322575170{margin-bottom: 20px !important;}\u00bb css_params=\u00bb\u00bb][vc_column_text css=\u00bb.vc_custom_1772781630992{margin-bottom: 40px !important;}\u00bb text_typography=\u00bb{\u00abfamily\u00ab:\u00abDefault\u00ab,\u00abvariant\u00ab:\u00ab500\u00ab,\u00abfont_size\u00ab:\u00ab1.1em\u00ab,\u00abline_height\u00ab:\u00ab1.2em\u00ab,\u00abletter_spacing\u00ab:\u00ab\u00ab,\u00abtext_transform\u00ab:\u00abnone\u00ab}\u00bb css_params=\u00bb\u00bb]Un equipo especializado te acompa\u00f1ar\u00e1 con una mirada rigurosa y cercana. Contacta con nosotros y te ayudaremos a encontrar la mejor manera de avanzar con confianza.[\/vc_column_text][vc_btn title=\u00bbContacta\u00bb css=\u00bb.vc_custom_1771322090534{margin-bottom: 0px !important;}\u00bb link=\u00bburl:https%3A%2F%2Fundev.cat%2Fes%2F%23contacto|\u00bb el_class=\u00bbmlh_btn\u00bb css_params=\u00bb\u00bb][\/vc_column][vc_column width=\u00bb1\/6&#8243;][\/vc_column][\/vc_row][\/vc_section]<\/p>\n<\/div>","protected":false},"excerpt":{"rendered":"<p>[vc_section full_width=\u00bbstretch_row\u00bb css=\u00bb.vc_custom_1771328752316{padding-top: 80px !important;padding-bottom: 80px !important;background-image: url(https:\/\/undev.cat\/wp-content\/uploads\/2026\/02\/banner-bg-2b-scaled.jpg?id=662) !important;background-position: center !important;background-repeat: no-repeat !important;background-size: cover !important;}\u00bb conditional_render=\u00bb%5B%7B%22value_role%22%3A%22administrator%22%7D%5D\u00bb css_params=\u00bb\u00bb el_class=\u00bbmlh_tintar_bg_claro\u00bb][vc_row gap=\u00bb35&#8243; content_placement=\u00bbmiddle\u00bb conditional_render=\u00bb%5B%7B%22value_role%22%3A%22administrator%22%7D%5D\u00bb css_params=\u00bb\u00bb][vc_column width=\u00bb1\/2&#8243; animation_type=\u00bbfadeInRight\u00bb conditional_render=\u00bb%5B%7B%22value_role%22%3A%22administrator%22%7D%5D\u00bb css_params=\u00bb\u00bb][\/vc_column][vc_column width=\u00bb1\/2&#8243; css=\u00bb.vc_custom_1771323247476{padding-left: 50px !important;}\u00bb conditional_render=\u00bb%5B%7B%22value_role%22%3A%22administrator%22%7D%5D\u00bb css_params=\u00bb{\u00abcss_padding_left_xxl\u00ab:\u00ab40px\u00ab,\u00abcss_padding_left_xl\u00ab:\u00ab30px\u00ab,\u00abcss_padding_left_lg\u00ab:\u00ab25px\u00ab,\u00abcss_padding_right_md\u00ab:\u00ab17px\u00ab,\u00abcss_padding_left_md\u00ab:\u00ab17px\u00ab}\u00bb custom_css_response=\u00bb@media(max-width:porto-xxlpx){.vc_custom_1771323247476{padding-left:40px!important;}}@media(max-width:porto-xlpx){.vc_custom_1771323247476{padding-left:30px!important;}}@media(max-width:991px){.vc_custom_1771323247476{padding-left:25px!important;}}@media(max-width:767px){.vc_custom_1771323247476{padding-right:17px!important;padding-left:17px!important;}}\u00bb][\/vc_column][\/vc_row][\/vc_section][vc_section full_width=\u00bbstretch_row\u00bb css=\u00bb.vc_custom_1771322303894{padding-top: 110px !important;padding-bottom: 110px !important;background-image: url(https:\/\/undev.cat\/wp-content\/uploads\/2026\/02\/banner-bg-4b-scaled.jpg?id=477) !important;background-position: center !important;background-repeat: no-repeat !important;background-size: cover !important;}\u00bb conditional_render=\u00bb%5B%7B%22value_role%22%3A%22administrator%22%7D%5D\u00bb css_params=\u00bb\u00bb el_class=\u00bbmlh_fullscreen_background mlh_tintar_bg_oscuro\u00bb][vc_row][vc_column width=\u00bb1\/3&#8243;][\/vc_column][vc_column width=\u00bb2\/3&#8243; animation_type=\u00bbfadeInRight\u00bb conditional_render=\u00bb%5B%7B%22value_role%22%3A%22administrator%22%7D%5D\u00bb [&hellip;]<\/p>\n","protected":false},"author":5,"featured_media":0,"parent":0,"menu_order":0,"comment_status":"closed","ping_status":"closed","template":"","meta":{"_seopress_robots_primary_cat":"","_seopress_titles_title":"%%sitetitle%% %%sep%% %%post_title%%","_seopress_titles_desc":"Descubre nuestra metodolog\u00eda: diagn\u00f3stico integral y tratamiento personalizado mediante una visi\u00f3n multidisciplinar del desarrollo infantil.","_seopress_robots_index":"","footnotes":""},"class_list":["post-778","page","type-page","status-publish","hentry"],"_links":{"self":[{"href":"https:\/\/undev.cat\/es\/wp-json\/wp\/v2\/pages\/778","targetHints":{"allow":["GET"]}}],"collection":[{"href":"https:\/\/undev.cat\/es\/wp-json\/wp\/v2\/pages"}],"about":[{"href":"https:\/\/undev.cat\/es\/wp-json\/wp\/v2\/types\/page"}],"author":[{"embeddable":true,"href":"https:\/\/undev.cat\/es\/wp-json\/wp\/v2\/users\/5"}],"replies":[{"embeddable":true,"href":"https:\/\/undev.cat\/es\/wp-json\/wp\/v2\/comments?post=778"}],"version-history":[{"count":2,"href":"https:\/\/undev.cat\/es\/wp-json\/wp\/v2\/pages\/778\/revisions"}],"predecessor-version":[{"id":813,"href":"https:\/\/undev.cat\/es\/wp-json\/wp\/v2\/pages\/778\/revisions\/813"}],"wp:attachment":[{"href":"https:\/\/undev.cat\/es\/wp-json\/wp\/v2\/media?parent=778"}],"curies":[{"name":"wp","href":"https:\/\/api.w.org\/{rel}","templated":true}]}}